{"id":75,"date":"2018-08-06T18:21:30","date_gmt":"2018-08-06T18:21:30","guid":{"rendered":"http:\/\/roskopf.de\/?page_id=75"},"modified":"2025-03-01T15:25:52","modified_gmt":"2025-03-01T15:25:52","slug":"vita","status":"publish","type":"page","link":"https:\/\/roskopf.de\/?page_id=75","title":{"rendered":"Vita"},"content":{"rendered":"<p>F\u00fcr Achim Roskopf, im Hauptberuf Dipl. Ing. E-Tech., war Gitarre spielen und unterrichten schon sehr fr\u00fch ein zweiter Lebensraum. Bereits mit 10 Jahren begann er seine musikalische Ausbildung auf der Konzertgitarre. Mit 13 Jahren kam dann die E-Gitarre hinzu. Mit 16 Jahren hatte er schon bis zu 6 Sch\u00fcler pro Woche. Neben etlichen Privatsch\u00fclern lehrte er 9 Jahre an der VHS-Stolberg Gitarre.<\/p>\n<p>Er spielte im Raum Aachen \/ Eifel in diversen Bands (Marrakesch, Sphinx, Mr. Rossi &amp; the Gastones) vorwiegend Rockmusik. Sogar w\u00e4hrend des Wehrdienstes hatte er Gelegenheit eine Band im Rahmen der Bundeswehr zu leiten.<\/p>\n<p>Parallel zur E-Gitarre intensivierte er insbesondere klassische und spanische Musik auf der Konzertgitarre. 1986 lernte er Jacques Stotzem (Vervier, Belgien) kennen. Von da an war sein Instrument die akustische Stahlsaiten bzw. Westerngitarre. Schon fr\u00fch inspiriert von Leo Kottke, Werner L\u00e4mmerhirt und Marcel Dadi, begann er seine eigenen akustischen Instrumentalst\u00fccke sowie Arrangements von POP und Filmmusiken zu schreiben.<\/p>\n<p>Achim Roskopf ist immer mal wieder bei Solo Konzerten oder Events mit anderen namhaften Musikern live zu sehen und zu h\u00f6ren. Infos dazu gibt es auf seiner Website <a href=\"https:\/\/roskopf.de\/\">https:\/\/roskopf.de<\/a>.<\/p>\n\n\n<p><em>Auszug aus einem Artikel von Manfred Schmitz &#x271d; (freier Redakteur)<\/em><\/p>\n\n\n\n<p><\/p>\n","protected":false},"excerpt":{"rendered":"<p>F\u00fcr Achim Roskopf, im Hauptberuf Dipl. Ing. E-Tech., war Gitarre spielen und unterrichten schon sehr fr\u00fch ein zweiter Lebensraum. Bereits mit 10 Jahren begann er seine musikalische Ausbildung auf der Konzertgitarre. Mit 13 Jahren kam dann die E-Gitarre hinzu. Mit <a class=\"more-link\" href=\"https:\/\/roskopf.de\/?page_id=75\">weiterlesen&#8230;<\/a><\/p>\n","protected":false},"author":1,"featured_media":0,"parent":0,"menu_order":0,"comment_status":"closed","ping_status":"closed","template":"","meta":{"pgc_sgb_lightbox_settings":"","footnotes":""},"class_list":["post-75","page","type-page","status-publish","hentry"],"_links":{"self":[{"href":"https:\/\/roskopf.de\/index.php?rest_route=\/wp\/v2\/pages\/75","targetHints":{"allow":["GET"]}}],"collection":[{"href":"https:\/\/roskopf.de\/index.php?rest_route=\/wp\/v2\/pages"}],"about":[{"href":"https:\/\/roskopf.de\/index.php?rest_route=\/wp\/v2\/types\/page"}],"author":[{"embeddable":true,"href":"https:\/\/roskopf.de\/index.php?rest_route=\/wp\/v2\/users\/1"}],"replies":[{"embeddable":true,"href":"https:\/\/roskopf.de\/index.php?rest_route=%2Fwp%2Fv2%2Fcomments&post=75"}],"version-history":[{"count":9,"href":"https:\/\/roskopf.de\/index.php?rest_route=\/wp\/v2\/pages\/75\/revisions"}],"predecessor-version":[{"id":1526,"href":"https:\/\/roskopf.de\/index.php?rest_route=\/wp\/v2\/pages\/75\/revisions\/1526"}],"wp:attachment":[{"href":"https:\/\/roskopf.de\/index.php?rest_route=%2Fwp%2Fv2%2Fmedia&parent=75"}],"curies":[{"name":"wp","href":"https:\/\/api.w.org\/{rel}","templated":true}]}}