{"id":661,"date":"2021-01-24T15:58:26","date_gmt":"2021-01-24T15:58:26","guid":{"rendered":"https:\/\/roskopf.de\/?page_id=661"},"modified":"2021-01-30T18:32:22","modified_gmt":"2021-01-30T18:32:22","slug":"kalymnos-cd","status":"publish","type":"page","link":"https:\/\/roskopf.de\/?page_id=661","title":{"rendered":"Kalymnos CD"},"content":{"rendered":"\n<p>Im Jahr 2005 wurde im Aachener Restaurant Kalymnos eine CD zur Erinnerung an den Musikerstammtisch erstellt. Alle K\u00fcnstler haben sich seinerzeit damit einverstanden erkl\u00e4rt, dass diese CD nicht kommerziell an alle Interessenten verteilt werden kann. <\/p>\n\n\n\n<p>Ich m\u00f6chte schlichtweg auch nicht, dass diese gro\u00dfartige Zeit in Vergessenheit ger\u00e4t und deshalb m\u00f6chte ich sie hier in Erinnerung rufen.<\/p>\n\n\n\n<figure class=\"wp-block-image size-large is-resized\"><img loading=\"lazy\" decoding=\"async\" src=\"https:\/\/roskopf.de\/wp-content\/uploads\/2021\/01\/Kalymnos_CD_2005_Main-1024x1016.jpg\" alt=\"\" class=\"wp-image-666\" width=\"512\" height=\"508\" srcset=\"https:\/\/roskopf.de\/wp-content\/uploads\/2021\/01\/Kalymnos_CD_2005_Main-1024x1016.jpg 1024w, https:\/\/roskopf.de\/wp-content\/uploads\/2021\/01\/Kalymnos_CD_2005_Main-scaled-100x100.jpg 100w, https:\/\/roskopf.de\/wp-content\/uploads\/2021\/01\/Kalymnos_CD_2005_Main-scaled-600x595.jpg 600w, https:\/\/roskopf.de\/wp-content\/uploads\/2021\/01\/Kalymnos_CD_2005_Main-300x298.jpg 300w, https:\/\/roskopf.de\/wp-content\/uploads\/2021\/01\/Kalymnos_CD_2005_Main-150x150.jpg 150w, https:\/\/roskopf.de\/wp-content\/uploads\/2021\/01\/Kalymnos_CD_2005_Main-768x762.jpg 768w, https:\/\/roskopf.de\/wp-content\/uploads\/2021\/01\/Kalymnos_CD_2005_Main-1536x1524.jpg 1536w, https:\/\/roskopf.de\/wp-content\/uploads\/2021\/01\/Kalymnos_CD_2005_Main-2048x2031.jpg 2048w\" sizes=\"auto, (max-width: 512px) 100vw, 512px\" \/><\/figure>\n\n\n\n<p>Herzlichen Dank an Udo (Ouzo) Schroll, der damals das Engagement gezeigt hat diese CD zu publizieren. Er hat die komplette Aufnahmetechnik und sein Know How zur Verf\u00fcgung gestellt, um diese Erinnerung m\u00f6glich zu machen. Heute ist er besser bekannt als Aachener Mundart Musiker Udo S. mit vielen eigenen St\u00fccken. <a href=\"http:\/\/www.udo-s.eu\">http:\/\/www.udo-s.eu<\/a>.<\/p>\n\n\n\n<p>Vielen Dank auch an Jochen K\u00fcppenbender f\u00fcr das Cover Design. Und nat\u00fcrlich auch Dank an Adonis, der uns in seinem Lokal zusammengef\u00fchrt hat. Und Dank an alle Beteiligten&#8230;<\/p>\n\n\n\n<p>Ein Liste der St\u00fccke mit Interpreten und Urhebern findet ihr hier: <a href=\"https:\/\/roskopf.de\/wp-content\/uploads\/2021\/01\/Kalymnos_CD-2005-Stueckliste-scaled.jpg\">https:\/\/roskopf.de\/wp-content\/uploads\/2021\/01\/Kalymnos_CD-2005-Stueckliste-scaled.jpg<\/a><\/p>\n\n\n\n<p>Die CD kann via FTP (z.B. mit Filezilla) im mp3 Format mit allen zugeh\u00f6rigen Covern mit folgenden Zugangsdaten heruntergeladen werden.  <\/p>\n\n\n\n<ul class=\"wp-block-list\"><li>Host:&nbsp;ssh.strato.de, <\/li><li>User: sftp_kalymnos2005@roskopf.de, <\/li><li>Passwort: Kalymnos_05_ST!, <\/li><li>Port: 22.<\/li><\/ul>\n\n\n\n<figure class=\"wp-block-audio\"><audio controls src=\"https:\/\/roskopf.de\/wp-content\/uploads\/2021\/01\/01-Gut-wieder-hier-zu-sein.mp3\"><\/audio><figcaption>Gut wieder hier zu sein<\/figcaption><\/figure>\n\n\n\n<figure class=\"wp-block-audio\"><audio controls src=\"https:\/\/roskopf.de\/wp-content\/uploads\/2021\/01\/02-Minor-Swing.mp3\"><\/audio><figcaption>Minor Swing<\/figcaption><\/figure>\n\n\n\n<figure class=\"wp-block-audio\"><audio controls src=\"https:\/\/roskopf.de\/wp-content\/uploads\/2021\/01\/03-Year-of-the-cat.mp3\"><\/audio><figcaption>Year of the cat<\/figcaption><\/figure>\n\n\n\n<figure class=\"wp-block-audio\"><audio controls src=\"https:\/\/roskopf.de\/wp-content\/uploads\/2021\/01\/04-Hollandlied.mp3\"><\/audio><figcaption>Hollandlied<\/figcaption><\/figure>\n\n\n\n<figure class=\"wp-block-audio\"><audio controls src=\"https:\/\/roskopf.de\/wp-content\/uploads\/2021\/01\/05-Remember-Virton.mp3\"><\/audio><figcaption>Remember Virton<\/figcaption><\/figure>\n\n\n\n<figure class=\"wp-block-audio\"><audio controls src=\"https:\/\/roskopf.de\/wp-content\/uploads\/2021\/01\/06-Dona-Dona.mp3\"><\/audio><figcaption>Dona Dona<\/figcaption><\/figure>\n\n\n\n<figure class=\"wp-block-audio\"><audio controls src=\"https:\/\/roskopf.de\/wp-content\/uploads\/2021\/01\/07-Blinde-Katharina.mp3\"><\/audio><figcaption>Blinde Katharina<\/figcaption><\/figure>\n\n\n\n<figure class=\"wp-block-audio\"><audio controls src=\"https:\/\/roskopf.de\/wp-content\/uploads\/2021\/01\/08-Cafe-Classic.mp3\"><\/audio><figcaption>Caf\u00e9 Classic<\/figcaption><\/figure>\n\n\n\n<figure class=\"wp-block-audio\"><audio controls src=\"https:\/\/roskopf.de\/wp-content\/uploads\/2021\/01\/09-To-try-for-the-sun.mp3\"><\/audio><figcaption>To try for the sun<\/figcaption><\/figure>\n\n\n\n<figure class=\"wp-block-audio\"><audio controls src=\"https:\/\/roskopf.de\/wp-content\/uploads\/2021\/01\/10-Georgia-on-my-mind.mp3\"><\/audio><figcaption>Georgia on my mind<\/figcaption><\/figure>\n\n\n\n<figure class=\"wp-block-audio\"><audio controls src=\"https:\/\/roskopf.de\/wp-content\/uploads\/2021\/01\/11-There-will-be-some-changes-made.mp3\"><\/audio><figcaption>There will be some changes made<\/figcaption><\/figure>\n\n\n\n<figure class=\"wp-block-audio\"><audio controls src=\"https:\/\/roskopf.de\/wp-content\/uploads\/2021\/01\/12-Wann-in-mein-gruenes-Haus-ich-wiederkehr.mp3\"><\/audio><figcaption>Wann in mein gr\u00fcnes Haus ich wiederkehr<\/figcaption><\/figure>\n\n\n\n<figure class=\"wp-block-audio\"><audio controls src=\"https:\/\/roskopf.de\/wp-content\/uploads\/2021\/01\/13-Leben-einzeln-und-frei.mp3\"><\/audio><figcaption>Leben einzeln und frei<\/figcaption><\/figure>\n\n\n\n<figure class=\"wp-block-audio\"><audio controls src=\"https:\/\/roskopf.de\/wp-content\/uploads\/2021\/01\/14-Rumba-Espaniola.mp3\"><\/audio><figcaption>Rumba espaniola<\/figcaption><\/figure>\n\n\n\n<figure class=\"wp-block-audio\"><audio controls src=\"https:\/\/roskopf.de\/wp-content\/uploads\/2021\/01\/15-SAgapo.mp3\"><\/audio><figcaption>S&#8217;agapo<\/figcaption><\/figure>\n\n\n\n<figure class=\"wp-block-audio\"><audio controls src=\"https:\/\/roskopf.de\/wp-content\/uploads\/2021\/01\/16-Father-and-son.mp3\"><\/audio><figcaption>Father and son<\/figcaption><\/figure>\n\n\n\n<figure class=\"wp-block-audio\"><audio controls src=\"https:\/\/roskopf.de\/wp-content\/uploads\/2021\/01\/17-Tears-in-heaven.mp3\"><\/audio><figcaption>Tears in heaven<\/figcaption><\/figure>\n\n\n\n<figure class=\"wp-block-audio\"><audio controls src=\"https:\/\/roskopf.de\/wp-content\/uploads\/2021\/01\/18-Hau-doch-ab-du.mp3\"><\/audio><figcaption>Hau doch ab du<\/figcaption><\/figure>\n\n\n\n<figure class=\"wp-block-audio\"><audio controls src=\"https:\/\/roskopf.de\/wp-content\/uploads\/2021\/01\/19-Bye-bye-love.mp3\"><\/audio><figcaption>Bye bye love<\/figcaption><\/figure>\n","protected":false},"excerpt":{"rendered":"<p>Im Jahr 2005 wurde im Aachener Restaurant Kalymnos eine CD zur Erinnerung an den Musikerstammtisch erstellt. Alle K\u00fcnstler haben sich seinerzeit damit einverstanden erkl\u00e4rt, dass diese CD nicht kommerziell an alle Interessenten verteilt werden kann. Ich m\u00f6chte schlichtweg auch nicht, <a class=\"more-link\" href=\"https:\/\/roskopf.de\/?page_id=661\">weiterlesen&#8230;<\/a><\/p>\n","protected":false},"author":1,"featured_media":0,"parent":0,"menu_order":0,"comment_status":"closed","ping_status":"closed","template":"","meta":{"pgc_sgb_lightbox_settings":"","footnotes":""},"class_list":["post-661","page","type-page","status-publish","hentry"],"_links":{"self":[{"href":"https:\/\/roskopf.de\/index.php?rest_route=\/wp\/v2\/pages\/661","targetHints":{"allow":["GET"]}}],"collection":[{"href":"https:\/\/roskopf.de\/index.php?rest_route=\/wp\/v2\/pages"}],"about":[{"href":"https:\/\/roskopf.de\/index.php?rest_route=\/wp\/v2\/types\/page"}],"author":[{"embeddable":true,"href":"https:\/\/roskopf.de\/index.php?rest_route=\/wp\/v2\/users\/1"}],"replies":[{"embeddable":true,"href":"https:\/\/roskopf.de\/index.php?rest_route=%2Fwp%2Fv2%2Fcomments&post=661"}],"version-history":[{"count":12,"href":"https:\/\/roskopf.de\/index.php?rest_route=\/wp\/v2\/pages\/661\/revisions"}],"predecessor-version":[{"id":699,"href":"https:\/\/roskopf.de\/index.php?rest_route=\/wp\/v2\/pages\/661\/revisions\/699"}],"wp:attachment":[{"href":"https:\/\/roskopf.de\/index.php?rest_route=%2Fwp%2Fv2%2Fmedia&parent=661"}],"curies":[{"name":"wp","href":"https:\/\/api.w.org\/{rel}","templated":true}]}}