{"id":21,"date":"2018-08-05T14:46:48","date_gmt":"2018-08-05T14:46:48","guid":{"rendered":"http:\/\/roskopf.de\/?page_id=21"},"modified":"2024-12-17T10:14:06","modified_gmt":"2024-12-17T10:14:06","slug":"cd","status":"publish","type":"page","link":"https:\/\/roskopf.de\/?page_id=21","title":{"rendered":"Album &#8218;Sp\u00e4tlese&#8216;"},"content":{"rendered":"\n<p class=\"has-text-align-right\"><a href=\"https:\/\/roskopf.de\/?page_id=110\">Album Sp\u00e4tlese als CD bestellen <\/a><\/p>\n\n\n\n<p class=\"has-text-align-right\"><a href=\"https:\/\/roskopf.de\/?page_id=1053\">Album Sp\u00e4tlese als mp3 download<\/a><\/p>\n\n\n\n<p><img loading=\"lazy\" decoding=\"async\" class=\"aligncenter wp-image-13 size-full\" src=\"http:\/\/roskopf.de\/wp-content\/uploads\/2018\/08\/CDCover.png\" alt=\"\" width=\"1019\" height=\"438\"><\/p>\n\n\n\n<p><b>Demo Tracks:<\/b><\/p>\n\n\n\nLicht am Ende des Tunnels\n\n\n<audio class=\"wp-audio-shortcode\" id=\"audio-21-1\" preload=\"none\" style=\"width: 100%;\" controls=\"controls\"><source type=\"audio\/mpeg\" src=\"http:\/\/roskopf.de\/wp-content\/uploads\/2018\/08\/D01_Licht.mp3?_=1\" \/><a href=\"http:\/\/roskopf.de\/wp-content\/uploads\/2018\/08\/D01_Licht.mp3\">http:\/\/roskopf.de\/wp-content\/uploads\/2018\/08\/D01_Licht.mp3<\/a><\/audio>\n\n\nDas geklaute Fahrrad\n\n\n<audio class=\"wp-audio-shortcode\" id=\"audio-21-2\" preload=\"none\" style=\"width: 100%;\" controls=\"controls\"><source type=\"audio\/mpeg\" src=\"http:\/\/roskopf.de\/wp-content\/uploads\/2018\/08\/D02_Fahrrad.mp3?_=2\" \/><a href=\"http:\/\/roskopf.de\/wp-content\/uploads\/2018\/08\/D02_Fahrrad.mp3\">http:\/\/roskopf.de\/wp-content\/uploads\/2018\/08\/D02_Fahrrad.mp3<\/a><\/audio>\n\n\nF\u00fcr Sara\n\n\n<audio class=\"wp-audio-shortcode\" id=\"audio-21-3\" preload=\"none\" style=\"width: 100%;\" controls=\"controls\"><source type=\"audio\/mpeg\" src=\"http:\/\/roskopf.de\/wp-content\/uploads\/2018\/08\/D03_Sara.mp3?_=3\" \/><a href=\"http:\/\/roskopf.de\/wp-content\/uploads\/2018\/08\/D03_Sara.mp3\">http:\/\/roskopf.de\/wp-content\/uploads\/2018\/08\/D03_Sara.mp3<\/a><\/audio>\n\n\nSp\u00e4tlese\n\n\n<audio class=\"wp-audio-shortcode\" id=\"audio-21-4\" preload=\"none\" style=\"width: 100%;\" controls=\"controls\"><source type=\"audio\/mpeg\" src=\"http:\/\/roskopf.de\/wp-content\/uploads\/2018\/08\/D04_Spaetlese.mp3?_=4\" \/><a href=\"http:\/\/roskopf.de\/wp-content\/uploads\/2018\/08\/D04_Spaetlese.mp3\">http:\/\/roskopf.de\/wp-content\/uploads\/2018\/08\/D04_Spaetlese.mp3<\/a><\/audio>\n\n\nTime after time (Cyndi Lauper)\n\n\n<audio class=\"wp-audio-shortcode\" id=\"audio-21-5\" preload=\"none\" style=\"width: 100%;\" controls=\"controls\"><source type=\"audio\/mpeg\" src=\"http:\/\/roskopf.de\/wp-content\/uploads\/2018\/08\/D05_Time.mp3?_=5\" \/><a href=\"http:\/\/roskopf.de\/wp-content\/uploads\/2018\/08\/D05_Time.mp3\">http:\/\/roskopf.de\/wp-content\/uploads\/2018\/08\/D05_Time.mp3<\/a><\/audio>","protected":false},"excerpt":{"rendered":"<p>Album Sp\u00e4tlese als CD bestellen Album Sp\u00e4tlese als mp3 download Demo Tracks: Licht am Ende des Tunnels Das geklaute Fahrrad F\u00fcr Sara Sp\u00e4tlese Time after time (Cyndi Lauper)<\/p>\n","protected":false},"author":1,"featured_media":0,"parent":0,"menu_order":0,"comment_status":"closed","ping_status":"closed","template":"","meta":{"pgc_sgb_lightbox_settings":"","footnotes":""},"class_list":["post-21","page","type-page","status-publish","hentry"],"_links":{"self":[{"href":"https:\/\/roskopf.de\/index.php?rest_route=\/wp\/v2\/pages\/21","targetHints":{"allow":["GET"]}}],"collection":[{"href":"https:\/\/roskopf.de\/index.php?rest_route=\/wp\/v2\/pages"}],"about":[{"href":"https:\/\/roskopf.de\/index.php?rest_route=\/wp\/v2\/types\/page"}],"author":[{"embeddable":true,"href":"https:\/\/roskopf.de\/index.php?rest_route=\/wp\/v2\/users\/1"}],"replies":[{"embeddable":true,"href":"https:\/\/roskopf.de\/index.php?rest_route=%2Fwp%2Fv2%2Fcomments&post=21"}],"version-history":[{"count":18,"href":"https:\/\/roskopf.de\/index.php?rest_route=\/wp\/v2\/pages\/21\/revisions"}],"predecessor-version":[{"id":1518,"href":"https:\/\/roskopf.de\/index.php?rest_route=\/wp\/v2\/pages\/21\/revisions\/1518"}],"wp:attachment":[{"href":"https:\/\/roskopf.de\/index.php?rest_route=%2Fwp%2Fv2%2Fmedia&parent=21"}],"curies":[{"name":"wp","href":"https:\/\/api.w.org\/{rel}","templated":true}]}}